{"id":226,"date":"2020-07-29T18:29:46","date_gmt":"2020-07-29T18:29:46","guid":{"rendered":"http:\/\/innovastudio.cl\/web\/?post_type=product&#038;p=226"},"modified":"2020-07-29T22:28:32","modified_gmt":"2020-07-29T22:28:32","slug":"diseno-e-implementacion-tienda-virtual","status":"publish","type":"product","link":"https:\/\/innovastudio.cl\/web\/producto\/diseno-e-implementacion-tienda-virtual\/","title":{"rendered":"DISE\u00d1O E IMPLEMENTACI\u00d3N TIENDA VIRTUAL"},"content":{"rendered":"<p><strong>DISE\u00d1O E IMPLEMENTACI\u00d3N TIENDA VIRTUAL<\/strong><\/p>\n<p>INCLUYE HOSTING 2 GB &#8211; 5 CUENTAS CORPORATIVAS<\/p>\n<p>Integraci\u00f3n de m\u00faltiples medios de pago (Webpay\u00a0 \/ Flow)<\/p>\n<p>100% Autoadministrable<\/p>\n<div class=\"column_attr clearfix animate fadeInUp\" data-anim-type=\"fadeInUp\">\n<p>Carro de compra<\/p>\n<p>Dise\u00f1o web profesional<\/p>\n<p>Completa adaptaci\u00f3n a m\u00f3viles<\/p>\n<\/div>\n","protected":false},"excerpt":{"rendered":"<p><strong>DISE\u00d1O TIENDA VIRTUAL\u00a0 AUTOADMINISTRABLE CON CARRO DE COMPRA<\/strong><\/p>\n<p>&#8211; 100% AUTOADMINISTRABLE<\/p>\n<p>\u2013 INCLUYE HOSTING 2 GB.<\/p>\n<p>\u2013 5 CUENTAS DE CORREO CORPORATIVAS<\/p>\n","protected":false},"featured_media":263,"comment_status":"open","ping_status":"closed","template":"","meta":[],"_links":{"self":[{"href":"https:\/\/innovastudio.cl\/web\/wp-json\/wp\/v2\/product\/226"}],"collection":[{"href":"https:\/\/innovastudio.cl\/web\/wp-json\/wp\/v2\/product"}],"about":[{"href":"https:\/\/innovastudio.cl\/web\/wp-json\/wp\/v2\/types\/product"}],"replies":[{"embeddable":true,"href":"https:\/\/innovastudio.cl\/web\/wp-json\/wp\/v2\/comments?post=226"}],"wp:featuredmedia":[{"embeddable":true,"href":"https:\/\/innovastudio.cl\/web\/wp-json\/wp\/v2\/media\/263"}],"wp:attachment":[{"href":"https:\/\/innovastudio.cl\/web\/wp-json\/wp\/v2\/media?parent=226"}],"curies":[{"name":"wp","href":"https:\/\/api.w.org\/{rel}","templated":true}]}}